{"id":588,"date":"2024-10-13T12:25:38","date_gmt":"2024-10-13T10:25:38","guid":{"rendered":"https:\/\/testna.com.hr\/instruvet\/?page_id=588"},"modified":"2024-10-25T14:14:21","modified_gmt":"2024-10-25T12:14:21","slug":"o-nama","status":"publish","type":"page","link":"https:\/\/testna.com.hr\/instruvet\/o-nama\/","title":{"rendered":"O nama"},"content":{"rendered":"\n<div data-aos= \"slide-down\" data-aos-duration=\"400\" data-aos-delay=\"0\" data-aos-easing=\"ease\" data-aos-once=\"true\" class=\"wp-block-uagb-container uagb-block-fc9cda28 alignfull uagb-is-root-container\"><div class=\"uagb-container-inner-blocks-wrap\">\n<p class=\"has-theme-palette-9-color has-text-color has-link-color has-xxlarge-font-size wp-elements-964574f090dcaee2692e3022198eb667\">O nama<\/p>\n<\/div><\/div>\n\n\n\n<div style=\"height:10px\" aria-hidden=\"true\" class=\"wp-block-spacer\"><\/div>\n\n\n\n<div class=\"wp-block-uagb-container uagb-block-e6cc1026 alignwide uagb-is-root-container\"><span><span><a href=\"https:\/\/testna.com.hr\/instruvet\/\">Po\u010detna<\/a><\/span><\/span>\n<\/div>\n\n\n\n<div data-aos= \"slide-right\" data-aos-duration=\"400\" data-aos-delay=\"0\" data-aos-easing=\"ease\" data-aos-once=\"true\" class=\"wp-block-uagb-container uagb-block-106d2c9a alignfull uagb-is-root-container\"><div class=\"uagb-container-inner-blocks-wrap\">\n<div class=\"wp-block-uagb-container uagb-block-4bb91ea3\">\n<div class=\"wp-block-uagb-advanced-heading uagb-block-d6be8568\"><h2 class=\"uagb-heading-text\">O NAMA<\/h2><\/div>\n\n\n\n<p class=\"has-small-font-size\"><strong>INSTRUVET d.o.o.<\/strong> je poduze\u0107e koje je u svakom trenutku spremno reagirati na potra\u017enju odre\u0111enog artikla od strane kupca i u kratkom roku ga nabaviti. Ako ga i nemamo trenuta\u010dno na skladi\u0161tu na\u0107i \u0107emo ga preko svojih poslovnih partnera i u kratkom roku proslijediti kupcu. Na\u0161i kupci su <strong>veterinarske stanice, ambulante i ljekarne, farme, poljoprivredne ljekarne i tvrtke za usluge u javnome zdravstvu<\/strong> (dezinfekcija, dezinsekcija i deratizacija). <br><br>Svoju tr\u017ei\u0161nu poziciju INSTRUVET je stekao po\u0161tuju\u0107i vrijednosti i \u017eelje, te uva\u017eavaju\u0107i zahtjeve koji su stavljeni pred nas. Kao takvi smo i prepoznati kod svojih kupaca sa kojima na obostrano zadovoljstvo sura\u0111ujemo <strong>preko 20 godina<\/strong>.<\/p>\n<\/div>\n\n\n\n<div class=\"wp-block-uagb-container uagb-block-eea35f9f\">\n<div class=\"wp-block-uagb-advanced-heading uagb-block-696abd29\"><h2 class=\"uagb-heading-text\"> &nbsp;<\/h2><\/div>\n\n\n\n<p class=\"has-small-font-size\">Osnovna djelatnost tvrtke instruvet je <strong>prodaja, skladi\u0161tenje te distribucija<\/strong> veterinarsko medicinskih proizvoda, sto\u010dne hrane, dodacima sto\u010dnoj hrani, sredstvima za ddd, sredstvima za za\u0161titu bilja, opremu za peradarsku i sto\u010darsku proizvodnju, enologiju i poljoprivredu. <br><br>Na\u0161 prodajni asortiman sastoji se od osnovnih <strong>1000 artikala<\/strong>.<\/p>\n<\/div>\n<\/div><\/div>\n\n\n\n<p><\/p>\n","protected":false},"excerpt":{"rendered":"<p>O nama O NAMA INSTRUVET d.o.o. je poduze\u0107e koje je u svakom trenutku spremno reagirati na potra\u017enju odre\u0111enog artikla od strane kupca i u kratkom roku ga nabaviti. Ako ga i nemamo trenuta\u010dno na skladi\u0161tu na\u0107i \u0107emo ga preko svojih poslovnih partnera i u kratkom roku proslijediti kupcu. Na\u0161i kupci su veterinarske stanice, ambulante i&#8230;<\/p>\n","protected":false},"author":1,"featured_media":0,"parent":0,"menu_order":0,"comment_status":"closed","ping_status":"closed","template":"","meta":{"inline_featured_image":false,"_uag_custom_page_level_css":"","_kad_post_transparent":"","_kad_post_title":"hide","_kad_post_layout":"","_kad_post_sidebar_id":"","_kad_post_content_style":"boxed","_kad_post_vertical_padding":"hide","_kad_post_feature":"show","_kad_post_feature_position":"behind","_kad_post_header":false,"_kad_post_footer":false,"footnotes":""},"class_list":["post-588","page","type-page","status-publish","hentry"],"yoast_head":"<!-- This site is optimized with the Yoast SEO plugin v27.5 - https:\/\/yoast.com\/product\/yoast-seo-wordpress\/ -->\n<title>O nama - INSTRUVET<\/title>\n<meta name=\"robots\" content=\"index, follow, max-snippet:-1, max-image-preview:large, max-video-preview:-1\" \/>\n<link rel=\"canonical\" href=\"https:\/\/testna.com.hr\/instruvet\/o-nama\/\" \/>\n<meta property=\"og:locale\" content=\"hr_HR\" \/>\n<meta property=\"og:type\" content=\"article\" \/>\n<meta property=\"og:title\" content=\"O nama - INSTRUVET\" \/>\n<meta property=\"og:description\" content=\"O nama O NAMA INSTRUVET d.o.o. je poduze\u0107e koje je u svakom trenutku spremno reagirati na potra\u017enju odre\u0111enog artikla od strane kupca i u kratkom roku ga nabaviti. Ako ga i nemamo trenuta\u010dno na skladi\u0161tu na\u0107i \u0107emo ga preko svojih poslovnih partnera i u kratkom roku proslijediti kupcu. Na\u0161i kupci su veterinarske stanice, ambulante i...\" \/>\n<meta property=\"og:url\" content=\"https:\/\/testna.com.hr\/instruvet\/o-nama\/\" \/>\n<meta property=\"og:site_name\" content=\"INSTRUVET\" \/>\n<meta property=\"article:modified_time\" content=\"2024-10-25T12:14:21+00:00\" \/>\n<meta name=\"twitter:card\" content=\"summary_large_image\" \/>\n<meta name=\"twitter:label1\" content=\"Procijenjeno vrijeme \u010ditanja\" \/>\n\t<meta name=\"twitter:data1\" content=\"1 minuta\" \/>\n<script type=\"application\/ld+json\" class=\"yoast-schema-graph\">{\"@context\":\"https:\\\/\\\/schema.org\",\"@graph\":[{\"@type\":\"WebPage\",\"@id\":\"https:\\\/\\\/testna.com.hr\\\/instruvet\\\/o-nama\\\/\",\"url\":\"https:\\\/\\\/testna.com.hr\\\/instruvet\\\/o-nama\\\/\",\"name\":\"O nama - INSTRUVET\",\"isPartOf\":{\"@id\":\"https:\\\/\\\/testna.com.hr\\\/instruvet\\\/#website\"},\"datePublished\":\"2024-10-13T10:25:38+00:00\",\"dateModified\":\"2024-10-25T12:14:21+00:00\",\"breadcrumb\":{\"@id\":\"https:\\\/\\\/testna.com.hr\\\/instruvet\\\/o-nama\\\/#breadcrumb\"},\"inLanguage\":\"hr\",\"potentialAction\":[{\"@type\":\"ReadAction\",\"target\":[\"https:\\\/\\\/testna.com.hr\\\/instruvet\\\/o-nama\\\/\"]}]},{\"@type\":\"BreadcrumbList\",\"@id\":\"https:\\\/\\\/testna.com.hr\\\/instruvet\\\/o-nama\\\/#breadcrumb\",\"itemListElement\":[{\"@type\":\"ListItem\",\"position\":1,\"name\":\"Po\u010detna\",\"item\":\"https:\\\/\\\/testna.com.hr\\\/instruvet\\\/\"},{\"@type\":\"ListItem\",\"position\":2,\"name\":\"O nama\"}]},{\"@type\":\"WebSite\",\"@id\":\"https:\\\/\\\/testna.com.hr\\\/instruvet\\\/#website\",\"url\":\"https:\\\/\\\/testna.com.hr\\\/instruvet\\\/\",\"name\":\"INSTRUVET\",\"description\":\"\",\"publisher\":{\"@id\":\"https:\\\/\\\/testna.com.hr\\\/instruvet\\\/#organization\"},\"potentialAction\":[{\"@type\":\"SearchAction\",\"target\":{\"@type\":\"EntryPoint\",\"urlTemplate\":\"https:\\\/\\\/testna.com.hr\\\/instruvet\\\/?s={search_term_string}\"},\"query-input\":{\"@type\":\"PropertyValueSpecification\",\"valueRequired\":true,\"valueName\":\"search_term_string\"}}],\"inLanguage\":\"hr\"},{\"@type\":\"Organization\",\"@id\":\"https:\\\/\\\/testna.com.hr\\\/instruvet\\\/#organization\",\"name\":\"INSTRUVET\",\"url\":\"https:\\\/\\\/testna.com.hr\\\/instruvet\\\/\",\"logo\":{\"@type\":\"ImageObject\",\"inLanguage\":\"hr\",\"@id\":\"https:\\\/\\\/testna.com.hr\\\/instruvet\\\/#\\\/schema\\\/logo\\\/image\\\/\",\"url\":\"https:\\\/\\\/testna.com.hr\\\/instruvet\\\/wp-content\\\/uploads\\\/2024\\\/10\\\/instruvet_logo-2.svg\",\"contentUrl\":\"https:\\\/\\\/testna.com.hr\\\/instruvet\\\/wp-content\\\/uploads\\\/2024\\\/10\\\/instruvet_logo-2.svg\",\"caption\":\"INSTRUVET\"},\"image\":{\"@id\":\"https:\\\/\\\/testna.com.hr\\\/instruvet\\\/#\\\/schema\\\/logo\\\/image\\\/\"}}]}<\/script>\n<!-- \/ Yoast SEO plugin. -->","yoast_head_json":{"title":"O nama - INSTRUVET","robots":{"index":"index","follow":"follow","max-snippet":"max-snippet:-1","max-image-preview":"max-image-preview:large","max-video-preview":"max-video-preview:-1"},"canonical":"https:\/\/testna.com.hr\/instruvet\/o-nama\/","og_locale":"hr_HR","og_type":"article","og_title":"O nama - INSTRUVET","og_description":"O nama O NAMA INSTRUVET d.o.o. je poduze\u0107e koje je u svakom trenutku spremno reagirati na potra\u017enju odre\u0111enog artikla od strane kupca i u kratkom roku ga nabaviti. Ako ga i nemamo trenuta\u010dno na skladi\u0161tu na\u0107i \u0107emo ga preko svojih poslovnih partnera i u kratkom roku proslijediti kupcu. Na\u0161i kupci su veterinarske stanice, ambulante i...","og_url":"https:\/\/testna.com.hr\/instruvet\/o-nama\/","og_site_name":"INSTRUVET","article_modified_time":"2024-10-25T12:14:21+00:00","twitter_card":"summary_large_image","twitter_misc":{"Procijenjeno vrijeme \u010ditanja":"1 minuta"},"schema":{"@context":"https:\/\/schema.org","@graph":[{"@type":"WebPage","@id":"https:\/\/testna.com.hr\/instruvet\/o-nama\/","url":"https:\/\/testna.com.hr\/instruvet\/o-nama\/","name":"O nama - INSTRUVET","isPartOf":{"@id":"https:\/\/testna.com.hr\/instruvet\/#website"},"datePublished":"2024-10-13T10:25:38+00:00","dateModified":"2024-10-25T12:14:21+00:00","breadcrumb":{"@id":"https:\/\/testna.com.hr\/instruvet\/o-nama\/#breadcrumb"},"inLanguage":"hr","potentialAction":[{"@type":"ReadAction","target":["https:\/\/testna.com.hr\/instruvet\/o-nama\/"]}]},{"@type":"BreadcrumbList","@id":"https:\/\/testna.com.hr\/instruvet\/o-nama\/#breadcrumb","itemListElement":[{"@type":"ListItem","position":1,"name":"Po\u010detna","item":"https:\/\/testna.com.hr\/instruvet\/"},{"@type":"ListItem","position":2,"name":"O nama"}]},{"@type":"WebSite","@id":"https:\/\/testna.com.hr\/instruvet\/#website","url":"https:\/\/testna.com.hr\/instruvet\/","name":"INSTRUVET","description":"","publisher":{"@id":"https:\/\/testna.com.hr\/instruvet\/#organization"},"potentialAction":[{"@type":"SearchAction","target":{"@type":"EntryPoint","urlTemplate":"https:\/\/testna.com.hr\/instruvet\/?s={search_term_string}"},"query-input":{"@type":"PropertyValueSpecification","valueRequired":true,"valueName":"search_term_string"}}],"inLanguage":"hr"},{"@type":"Organization","@id":"https:\/\/testna.com.hr\/instruvet\/#organization","name":"INSTRUVET","url":"https:\/\/testna.com.hr\/instruvet\/","logo":{"@type":"ImageObject","inLanguage":"hr","@id":"https:\/\/testna.com.hr\/instruvet\/#\/schema\/logo\/image\/","url":"https:\/\/testna.com.hr\/instruvet\/wp-content\/uploads\/2024\/10\/instruvet_logo-2.svg","contentUrl":"https:\/\/testna.com.hr\/instruvet\/wp-content\/uploads\/2024\/10\/instruvet_logo-2.svg","caption":"INSTRUVET"},"image":{"@id":"https:\/\/testna.com.hr\/instruvet\/#\/schema\/logo\/image\/"}}]}},"uagb_featured_image_src":{"full":false,"thumbnail":false,"medium":false,"medium_large":false,"large":false,"1536x1536":false,"2048x2048":false,"woocommerce_thumbnail":false,"woocommerce_single":false,"woocommerce_gallery_thumbnail":false},"uagb_author_info":{"display_name":"instruvet","author_link":"https:\/\/testna.com.hr\/instruvet\/author\/instruvet\/"},"uagb_comment_info":0,"uagb_excerpt":"O nama O NAMA INSTRUVET d.o.o. je poduze\u0107e koje je u svakom trenutku spremno reagirati na potra\u017enju odre\u0111enog artikla od strane kupca i u kratkom roku ga nabaviti. Ako ga i nemamo trenuta\u010dno na skladi\u0161tu na\u0107i \u0107emo ga preko svojih poslovnih partnera i u kratkom roku proslijediti kupcu. Na\u0161i kupci su veterinarske stanice, ambulante i...","_links":{"self":[{"href":"https:\/\/testna.com.hr\/instruvet\/wp-json\/wp\/v2\/pages\/588","targetHints":{"allow":["GET"]}}],"collection":[{"href":"https:\/\/testna.com.hr\/instruvet\/wp-json\/wp\/v2\/pages"}],"about":[{"href":"https:\/\/testna.com.hr\/instruvet\/wp-json\/wp\/v2\/types\/page"}],"author":[{"embeddable":true,"href":"https:\/\/testna.com.hr\/instruvet\/wp-json\/wp\/v2\/users\/1"}],"replies":[{"embeddable":true,"href":"https:\/\/testna.com.hr\/instruvet\/wp-json\/wp\/v2\/comments?post=588"}],"version-history":[{"count":9,"href":"https:\/\/testna.com.hr\/instruvet\/wp-json\/wp\/v2\/pages\/588\/revisions"}],"predecessor-version":[{"id":815,"href":"https:\/\/testna.com.hr\/instruvet\/wp-json\/wp\/v2\/pages\/588\/revisions\/815"}],"wp:attachment":[{"href":"https:\/\/testna.com.hr\/instruvet\/wp-json\/wp\/v2\/media?parent=588"}],"curies":[{"name":"wp","href":"https:\/\/api.w.org\/{rel}","templated":true}]}}