{"id":231,"date":"2024-10-12T10:48:58","date_gmt":"2024-10-12T08:48:58","guid":{"rendered":"https:\/\/testna.com.hr\/instruvet\/?post_type=product&#038;p=231"},"modified":"2024-10-12T10:53:09","modified_gmt":"2024-10-12T08:53:09","slug":"piljevina-za-male-zivotinje","status":"publish","type":"product","link":"https:\/\/testna.com.hr\/instruvet\/proizvod\/piljevina-za-male-zivotinje\/","title":{"rendered":"PILJEVINA ZA MALE \u017dIVOTINJE"},"content":{"rendered":"<p>Piljevina ima iznimne mo\u0107i upijanja od neobra\u0111enog drva, za optimalnu higijenu i vi\u0161e \u010disto\u0107e biolo\u0161ki razgradiv prirodni proizvod od obnovljive sirovine, ugodan miris drva. Stvara malo pra\u0161ine i ima niski potencijal za izazivanje nadra\u017eaja. Primjena: posuti u visini od 3-5 cm.<\/p>\n<p>Pakiranje :3,5 l<\/p>\n","protected":false},"excerpt":{"rendered":"<p>Piljevina ima iznimne mo\u0107i upijanja od neobra\u0111enog drva, za optimalnu higijenu i vi\u0161e \u010disto\u0107e biolo\u0161ki razgradiv prirodni proizvod od obnovljive sirovine, ugodan miris drva. Stvara malo pra\u0161ine i ima niski potencijal za izazivanje nadra\u017eaja. Primjena: posuti u visini od 3-5 cm.<\/p>\n","protected":false},"featured_media":263,"comment_status":"closed","ping_status":"closed","template":"","meta":{"inline_featured_image":false,"_uag_custom_page_level_css":"","_kad_post_transparent":"","_kad_post_title":"","_kad_post_layout":"","_kad_post_sidebar_id":"","_kad_post_content_style":"","_kad_post_vertical_padding":"","_kad_post_feature":"","_kad_post_feature_position":"","_kad_post_header":false,"_kad_post_footer":false},"product_brand":[],"product_cat":[25],"product_tag":[],"class_list":{"0":"post-231","1":"product","2":"type-product","3":"status-publish","4":"has-post-thumbnail","6":"product_cat-hobi-program","8":"first","9":"instock","10":"shipping-taxable","11":"product-type-simple","12":"entry","13":"content-bg","14":"loop-entry"},"yoast_head":"<!-- This site is optimized with the Yoast SEO plugin v27.5 - https:\/\/yoast.com\/product\/yoast-seo-wordpress\/ -->\n<title>PILJEVINA ZA MALE \u017dIVOTINJE - INSTRUVET<\/title>\n<meta name=\"robots\" content=\"index, follow, max-snippet:-1, max-image-preview:large, max-video-preview:-1\" \/>\n<link rel=\"canonical\" href=\"https:\/\/testna.com.hr\/instruvet\/proizvod\/piljevina-za-male-zivotinje\/\" \/>\n<meta property=\"og:locale\" content=\"hr_HR\" \/>\n<meta property=\"og:type\" content=\"article\" \/>\n<meta property=\"og:title\" content=\"PILJEVINA ZA MALE \u017dIVOTINJE - INSTRUVET\" \/>\n<meta property=\"og:description\" content=\"Piljevina ima iznimne mo\u0107i upijanja od neobra\u0111enog drva, za optimalnu higijenu i vi\u0161e \u010disto\u0107e biolo\u0161ki razgradiv prirodni proizvod od obnovljive sirovine, ugodan miris drva. Stvara malo pra\u0161ine i ima niski potencijal za izazivanje nadra\u017eaja. Primjena: posuti u visini od 3-5 cm.\" \/>\n<meta property=\"og:url\" content=\"https:\/\/testna.com.hr\/instruvet\/proizvod\/piljevina-za-male-zivotinje\/\" \/>\n<meta property=\"og:site_name\" content=\"INSTRUVET\" \/>\n<meta property=\"article:modified_time\" content=\"2024-10-12T08:53:09+00:00\" \/>\n<meta property=\"og:image\" content=\"https:\/\/testna.com.hr\/instruvet\/wp-content\/uploads\/2024\/10\/qvita3.jpg\" \/>\n\t<meta property=\"og:image:width\" content=\"1502\" \/>\n\t<meta property=\"og:image:height\" content=\"1659\" \/>\n\t<meta property=\"og:image:type\" content=\"image\/jpeg\" \/>\n<meta name=\"twitter:card\" content=\"summary_large_image\" \/>\n<script type=\"application\/ld+json\" class=\"yoast-schema-graph\">{\"@context\":\"https:\\\/\\\/schema.org\",\"@graph\":[{\"@type\":\"WebPage\",\"@id\":\"https:\\\/\\\/testna.com.hr\\\/instruvet\\\/proizvod\\\/piljevina-za-male-zivotinje\\\/\",\"url\":\"https:\\\/\\\/testna.com.hr\\\/instruvet\\\/proizvod\\\/piljevina-za-male-zivotinje\\\/\",\"name\":\"PILJEVINA ZA MALE \u017dIVOTINJE - INSTRUVET\",\"isPartOf\":{\"@id\":\"https:\\\/\\\/testna.com.hr\\\/instruvet\\\/#website\"},\"primaryImageOfPage\":{\"@id\":\"https:\\\/\\\/testna.com.hr\\\/instruvet\\\/proizvod\\\/piljevina-za-male-zivotinje\\\/#primaryimage\"},\"image\":{\"@id\":\"https:\\\/\\\/testna.com.hr\\\/instruvet\\\/proizvod\\\/piljevina-za-male-zivotinje\\\/#primaryimage\"},\"thumbnailUrl\":\"https:\\\/\\\/testna.com.hr\\\/instruvet\\\/wp-content\\\/uploads\\\/2024\\\/10\\\/qvita3.jpg\",\"datePublished\":\"2024-10-12T08:48:58+00:00\",\"dateModified\":\"2024-10-12T08:53:09+00:00\",\"breadcrumb\":{\"@id\":\"https:\\\/\\\/testna.com.hr\\\/instruvet\\\/proizvod\\\/piljevina-za-male-zivotinje\\\/#breadcrumb\"},\"inLanguage\":\"hr\",\"potentialAction\":[{\"@type\":\"ReadAction\",\"target\":[\"https:\\\/\\\/testna.com.hr\\\/instruvet\\\/proizvod\\\/piljevina-za-male-zivotinje\\\/\"]}]},{\"@type\":\"ImageObject\",\"inLanguage\":\"hr\",\"@id\":\"https:\\\/\\\/testna.com.hr\\\/instruvet\\\/proizvod\\\/piljevina-za-male-zivotinje\\\/#primaryimage\",\"url\":\"https:\\\/\\\/testna.com.hr\\\/instruvet\\\/wp-content\\\/uploads\\\/2024\\\/10\\\/qvita3.jpg\",\"contentUrl\":\"https:\\\/\\\/testna.com.hr\\\/instruvet\\\/wp-content\\\/uploads\\\/2024\\\/10\\\/qvita3.jpg\",\"width\":1502,\"height\":1659},{\"@type\":\"BreadcrumbList\",\"@id\":\"https:\\\/\\\/testna.com.hr\\\/instruvet\\\/proizvod\\\/piljevina-za-male-zivotinje\\\/#breadcrumb\",\"itemListElement\":[{\"@type\":\"ListItem\",\"position\":1,\"name\":\"Po\u010detna\",\"item\":\"https:\\\/\\\/testna.com.hr\\\/instruvet\\\/\"},{\"@type\":\"ListItem\",\"position\":2,\"name\":\"Trgovina\",\"item\":\"https:\\\/\\\/testna.com.hr\\\/instruvet\\\/en\\\/trgovina\\\/\"},{\"@type\":\"ListItem\",\"position\":3,\"name\":\"PILJEVINA ZA MALE \u017dIVOTINJE\"}]},{\"@type\":\"WebSite\",\"@id\":\"https:\\\/\\\/testna.com.hr\\\/instruvet\\\/#website\",\"url\":\"https:\\\/\\\/testna.com.hr\\\/instruvet\\\/\",\"name\":\"INSTRUVET\",\"description\":\"\",\"publisher\":{\"@id\":\"https:\\\/\\\/testna.com.hr\\\/instruvet\\\/#organization\"},\"potentialAction\":[{\"@type\":\"SearchAction\",\"target\":{\"@type\":\"EntryPoint\",\"urlTemplate\":\"https:\\\/\\\/testna.com.hr\\\/instruvet\\\/?s={search_term_string}\"},\"query-input\":{\"@type\":\"PropertyValueSpecification\",\"valueRequired\":true,\"valueName\":\"search_term_string\"}}],\"inLanguage\":\"hr\"},{\"@type\":\"Organization\",\"@id\":\"https:\\\/\\\/testna.com.hr\\\/instruvet\\\/#organization\",\"name\":\"INSTRUVET\",\"url\":\"https:\\\/\\\/testna.com.hr\\\/instruvet\\\/\",\"logo\":{\"@type\":\"ImageObject\",\"inLanguage\":\"hr\",\"@id\":\"https:\\\/\\\/testna.com.hr\\\/instruvet\\\/#\\\/schema\\\/logo\\\/image\\\/\",\"url\":\"https:\\\/\\\/testna.com.hr\\\/instruvet\\\/wp-content\\\/uploads\\\/2024\\\/10\\\/instruvet_logo-2.svg\",\"contentUrl\":\"https:\\\/\\\/testna.com.hr\\\/instruvet\\\/wp-content\\\/uploads\\\/2024\\\/10\\\/instruvet_logo-2.svg\",\"caption\":\"INSTRUVET\"},\"image\":{\"@id\":\"https:\\\/\\\/testna.com.hr\\\/instruvet\\\/#\\\/schema\\\/logo\\\/image\\\/\"}}]}<\/script>\n<!-- \/ Yoast SEO plugin. -->","yoast_head_json":{"title":"PILJEVINA ZA MALE \u017dIVOTINJE - INSTRUVET","robots":{"index":"index","follow":"follow","max-snippet":"max-snippet:-1","max-image-preview":"max-image-preview:large","max-video-preview":"max-video-preview:-1"},"canonical":"https:\/\/testna.com.hr\/instruvet\/proizvod\/piljevina-za-male-zivotinje\/","og_locale":"hr_HR","og_type":"article","og_title":"PILJEVINA ZA MALE \u017dIVOTINJE - INSTRUVET","og_description":"Piljevina ima iznimne mo\u0107i upijanja od neobra\u0111enog drva, za optimalnu higijenu i vi\u0161e \u010disto\u0107e biolo\u0161ki razgradiv prirodni proizvod od obnovljive sirovine, ugodan miris drva. Stvara malo pra\u0161ine i ima niski potencijal za izazivanje nadra\u017eaja. Primjena: posuti u visini od 3-5 cm.","og_url":"https:\/\/testna.com.hr\/instruvet\/proizvod\/piljevina-za-male-zivotinje\/","og_site_name":"INSTRUVET","article_modified_time":"2024-10-12T08:53:09+00:00","og_image":[{"width":1502,"height":1659,"url":"https:\/\/testna.com.hr\/instruvet\/wp-content\/uploads\/2024\/10\/qvita3.jpg","type":"image\/jpeg"}],"twitter_card":"summary_large_image","schema":{"@context":"https:\/\/schema.org","@graph":[{"@type":"WebPage","@id":"https:\/\/testna.com.hr\/instruvet\/proizvod\/piljevina-za-male-zivotinje\/","url":"https:\/\/testna.com.hr\/instruvet\/proizvod\/piljevina-za-male-zivotinje\/","name":"PILJEVINA ZA MALE \u017dIVOTINJE - INSTRUVET","isPartOf":{"@id":"https:\/\/testna.com.hr\/instruvet\/#website"},"primaryImageOfPage":{"@id":"https:\/\/testna.com.hr\/instruvet\/proizvod\/piljevina-za-male-zivotinje\/#primaryimage"},"image":{"@id":"https:\/\/testna.com.hr\/instruvet\/proizvod\/piljevina-za-male-zivotinje\/#primaryimage"},"thumbnailUrl":"https:\/\/testna.com.hr\/instruvet\/wp-content\/uploads\/2024\/10\/qvita3.jpg","datePublished":"2024-10-12T08:48:58+00:00","dateModified":"2024-10-12T08:53:09+00:00","breadcrumb":{"@id":"https:\/\/testna.com.hr\/instruvet\/proizvod\/piljevina-za-male-zivotinje\/#breadcrumb"},"inLanguage":"hr","potentialAction":[{"@type":"ReadAction","target":["https:\/\/testna.com.hr\/instruvet\/proizvod\/piljevina-za-male-zivotinje\/"]}]},{"@type":"ImageObject","inLanguage":"hr","@id":"https:\/\/testna.com.hr\/instruvet\/proizvod\/piljevina-za-male-zivotinje\/#primaryimage","url":"https:\/\/testna.com.hr\/instruvet\/wp-content\/uploads\/2024\/10\/qvita3.jpg","contentUrl":"https:\/\/testna.com.hr\/instruvet\/wp-content\/uploads\/2024\/10\/qvita3.jpg","width":1502,"height":1659},{"@type":"BreadcrumbList","@id":"https:\/\/testna.com.hr\/instruvet\/proizvod\/piljevina-za-male-zivotinje\/#breadcrumb","itemListElement":[{"@type":"ListItem","position":1,"name":"Po\u010detna","item":"https:\/\/testna.com.hr\/instruvet\/"},{"@type":"ListItem","position":2,"name":"Trgovina","item":"https:\/\/testna.com.hr\/instruvet\/en\/trgovina\/"},{"@type":"ListItem","position":3,"name":"PILJEVINA ZA MALE \u017dIVOTINJE"}]},{"@type":"WebSite","@id":"https:\/\/testna.com.hr\/instruvet\/#website","url":"https:\/\/testna.com.hr\/instruvet\/","name":"INSTRUVET","description":"","publisher":{"@id":"https:\/\/testna.com.hr\/instruvet\/#organization"},"potentialAction":[{"@type":"SearchAction","target":{"@type":"EntryPoint","urlTemplate":"https:\/\/testna.com.hr\/instruvet\/?s={search_term_string}"},"query-input":{"@type":"PropertyValueSpecification","valueRequired":true,"valueName":"search_term_string"}}],"inLanguage":"hr"},{"@type":"Organization","@id":"https:\/\/testna.com.hr\/instruvet\/#organization","name":"INSTRUVET","url":"https:\/\/testna.com.hr\/instruvet\/","logo":{"@type":"ImageObject","inLanguage":"hr","@id":"https:\/\/testna.com.hr\/instruvet\/#\/schema\/logo\/image\/","url":"https:\/\/testna.com.hr\/instruvet\/wp-content\/uploads\/2024\/10\/instruvet_logo-2.svg","contentUrl":"https:\/\/testna.com.hr\/instruvet\/wp-content\/uploads\/2024\/10\/instruvet_logo-2.svg","caption":"INSTRUVET"},"image":{"@id":"https:\/\/testna.com.hr\/instruvet\/#\/schema\/logo\/image\/"}}]}},"uagb_featured_image_src":{"full":["https:\/\/testna.com.hr\/instruvet\/wp-content\/uploads\/2024\/10\/qvita3.jpg",1502,1659,false],"thumbnail":["https:\/\/testna.com.hr\/instruvet\/wp-content\/uploads\/2024\/10\/qvita3-150x150.jpg",150,150,true],"medium":["https:\/\/testna.com.hr\/instruvet\/wp-content\/uploads\/2024\/10\/qvita3-272x300.jpg",272,300,true],"medium_large":["https:\/\/testna.com.hr\/instruvet\/wp-content\/uploads\/2024\/10\/qvita3-768x848.jpg",768,848,true],"large":["https:\/\/testna.com.hr\/instruvet\/wp-content\/uploads\/2024\/10\/qvita3-927x1024.jpg",927,1024,true],"1536x1536":["https:\/\/testna.com.hr\/instruvet\/wp-content\/uploads\/2024\/10\/qvita3-1391x1536.jpg",1391,1536,true],"2048x2048":["https:\/\/testna.com.hr\/instruvet\/wp-content\/uploads\/2024\/10\/qvita3.jpg",1502,1659,false],"woocommerce_thumbnail":["https:\/\/testna.com.hr\/instruvet\/wp-content\/uploads\/2024\/10\/qvita3-300x331.jpg",300,331,true],"woocommerce_single":["https:\/\/testna.com.hr\/instruvet\/wp-content\/uploads\/2024\/10\/qvita3-600x663.jpg",600,663,true],"woocommerce_gallery_thumbnail":["https:\/\/testna.com.hr\/instruvet\/wp-content\/uploads\/2024\/10\/qvita3-100x100.jpg",100,100,true]},"uagb_author_info":{"display_name":"instruvet","author_link":"https:\/\/testna.com.hr\/instruvet\/author\/"},"uagb_comment_info":0,"uagb_excerpt":"Piljevina ima iznimne mo\u0107i upijanja od neobra\u0111enog drva, za optimalnu higijenu i vi\u0161e \u010disto\u0107e biolo\u0161ki razgradiv prirodni proizvod od obnovljive sirovine, ugodan miris drva. Stvara malo pra\u0161ine i ima niski potencijal za izazivanje nadra\u017eaja. Primjena: posuti u visini od 3-5 cm.","_links":{"self":[{"href":"https:\/\/testna.com.hr\/instruvet\/wp-json\/wp\/v2\/product\/231","targetHints":{"allow":["GET"]}}],"collection":[{"href":"https:\/\/testna.com.hr\/instruvet\/wp-json\/wp\/v2\/product"}],"about":[{"href":"https:\/\/testna.com.hr\/instruvet\/wp-json\/wp\/v2\/types\/product"}],"replies":[{"embeddable":true,"href":"https:\/\/testna.com.hr\/instruvet\/wp-json\/wp\/v2\/comments?post=231"}],"wp:featuredmedia":[{"embeddable":true,"href":"https:\/\/testna.com.hr\/instruvet\/wp-json\/wp\/v2\/media\/263"}],"wp:attachment":[{"href":"https:\/\/testna.com.hr\/instruvet\/wp-json\/wp\/v2\/media?parent=231"}],"wp:term":[{"taxonomy":"product_brand","embeddable":true,"href":"https:\/\/testna.com.hr\/instruvet\/wp-json\/wp\/v2\/product_brand?post=231"},{"taxonomy":"product_cat","embeddable":true,"href":"https:\/\/testna.com.hr\/instruvet\/wp-json\/wp\/v2\/product_cat?post=231"},{"taxonomy":"product_tag","embeddable":true,"href":"https:\/\/testna.com.hr\/instruvet\/wp-json\/wp\/v2\/product_tag?post=231"}],"curies":[{"name":"wp","href":"https:\/\/api.w.org\/{rel}","templated":true}]}}